{"id":5804,"date":"2024-02-08T12:45:50","date_gmt":"2024-02-08T11:45:50","guid":{"rendered":"https:\/\/www.torreviejacrypto.com\/?page_id=5804"},"modified":"2024-02-12T11:18:18","modified_gmt":"2024-02-12T10:18:18","slug":"aviso-legal","status":"publish","type":"page","link":"https:\/\/www.torreviejacrypto.com\/es\/aviso-legal\/","title":{"rendered":"Aviso legal"},"content":{"rendered":"\t\t<div data-elementor-type=\"wp-page\" data-elementor-id=\"5804\" class=\"elementor elementor-5804\" data-elementor-post-type=\"page\">\n\t\t\t\t<div class=\"elementor-element elementor-element-0b35436 e-flex e-con-boxed e-con e-parent\" data-id=\"0b35436\" data-element_type=\"container\">\n\t\t\t\t\t<div class=\"e-con-inner\">\n\t\t\t\t<div class=\"elementor-element elementor-element-2792293 elementor-widget elementor-widget-text-editor\" data-id=\"2792293\" data-element_type=\"widget\" data-widget_type=\"text-editor.default\">\n\t\t\t\t<div class=\"elementor-widget-container\">\n\t\t\t<style>\/*! elementor - v3.23.0 - 25-07-2024 *\/\n.elementor-widget-text-editor.elementor-drop-cap-view-stacked .elementor-drop-cap{background-color:#69727d;color:#fff}.elementor-widget-text-editor.elementor-drop-cap-view-framed .elementor-drop-cap{color:#69727d;border:3px solid;background-color:transparent}.elementor-widget-text-editor:not(.elementor-drop-cap-view-default) .elementor-drop-cap{margin-top:8px}.elementor-widget-text-editor:not(.elementor-drop-cap-view-default) .elementor-drop-cap-letter{width:1em;height:1em}.elementor-widget-text-editor .elementor-drop-cap{float:left;text-align:center;line-height:1;font-size:50px}.elementor-widget-text-editor .elementor-drop-cap-letter{display:inline-block}<\/style>\t\t\t\t<h3>Datos identificativos.<\/h3>\nEn cumplimiento del deber de informaci\u00f3n recogido en el art\u00edculo 10 de la Ley 34\/2022, de 11 de julio, de Servicios a la Sociedad de la Informaci\u00f3n y de Comercio Electr\u00f3nico, a continuaci\u00f3n se reflejan los datos identificativos del prestador de servicio.\n\nDenominaci\u00f3n social: CAPITAL CRYPTO TECHNOLOGY S.L (en adelante CAPITAL CRYPTO).\n\nDenominaci\u00f3n Comercial: CAPITAL CRYPTO.\n\nCAPITAL CRYPTO es una marca comercial registrada en Espa\u00f1a con el n\u00famero N0461245.\n\nDomicilio: Avenida de los Nen\u00fafares S\/N. C\u00e1mara de Comercio. Despacho 9. 03184. Torrevieja ALICANTE.\n\nInscripci\u00f3n: Registro Mercantil de Alicante, Tomo 4626,\u00a0 Libro 0,\u00a0 Folio 81, Secci\u00f3n 8, Hoja A 188598, Inscripci\u00f3n 1.\n\nContacto:\n<ul>\n \t<li><b>Correo electr\u00f3nico<\/b>: info@capitalcrypto.es<\/li>\n \t<li><b>Tel\u00e9fono<\/b>: (+34) 865 760 197<\/li>\n<\/ul>\n<h3>Condiciones Generales de Acceso y Utilizaci\u00f3n para Usuarios a Sitio Web.<\/h3>\nLas condiciones que regulan el uso de este sitio web y bajo las cuales se prestan los servicios que ofrece CAPITAL CRYPTO, a los Clientes o Usuarios, son las contenidas en las Condiciones Generales de Acceso y Utulizaci\u00f3n para Usuarios a Sitio Web, que ser\u00e1n de aplicaci\u00f3n a todas aquellas p\u00e1ginas que figuran dentro del Mapa del Sitio.\n\nLa navegaci\u00f3n por este Sitio Web atribuye al navegante la condici\u00f3n de Usuario, lo que implica la adhesi\u00f3n y compromiso de cumplimiento de todas y cada una de las condiciones publicada en el momento en el que se acceda al Sitio Web de CAPITAL CRYPTO. Por ello, se recomienda al Usuario leer dicho documento atentamente cada vez que acceda a este Sitio Web o cualquiera de titularidad de CAPITAL CRYPTO.\n\nCAPITAL CRYPTO solicitar\u00e1 a trav\u00e9s de este Sitio Web la aceptaci\u00f3n expresa de la Pol\u00edtica de Cookies y Pol\u00edtica de Privacidad como requisito previo para la prestaci\u00f3n del servicio, as\u00ed como los T\u00e9rminos y Condiciones del Servicio, ya que constituir\u00e1 el contrato que regular\u00e1 la prestaci\u00f3n de dicho servicio.\n<h3>Acceso y seguridad.<\/h3>\nEl acceso a los servicios transacionales y aquellos que incluyan la captura de datos personales se utilizar\u00e1 siempre en entornos seguros utilizando comunicaciones cifradas mediante protocolo SSL (Secure Socket Layer) de 128 bits. El servidor seguro establece una conexi\u00f3n de modo que la informaci\u00f3n que se transmite quede cifrada, asegurando que el contenido transmitido ser\u00e1 s\u00f3lo inteligible tanto para el terminal del Usuario como para el sevidor de CAPITAL CRYPTO. El Usuario puede comprobar desde su propio software de navegaci\u00f3n Web que la comunicaci\u00f3n es segura y cifrada. Esta comunicaci\u00f3n cifrada, adem\u00e1s, viene respaldada por el uso de un certificado que garantiza al Usuario que la comunicaci\u00f3n de sus datos se est\u00e1 realizando con un servidor de CAPITAL CRYPTO y no con un tercero haci\u00e9ndose pasar por \u00e9ste.\n<h3>Pol\u00edtica de Privacidad.<\/h3>\nPara navegar por este Sitio Web, no es necesario que el Usuario revele ninguna informaci\u00f3n personal. Sin embargo, para la prestaci\u00f3n del servicio, as\u00ed como la consulta de productos y servicios de CAPITAL CRYPTO, es posible que se solicite una comunicaci\u00f3n externa. Para ello, se debe aceptar de manera expl\u00edcita y sin reserva el tratamiento de datos personales, que puede consultarse en este Sitio Web en el apartado <a href=\"\/politica-privacidad\/\">Pol\u00edtica de Privacidad<\/a>. Sin la aceptaci\u00f3n expl\u00edcita de este tratamiento no ser\u00e1 posible realizar la prestaci\u00f3n de servicios ni consulta.\n<h3>Uso de Cookies.<\/h3>\nPara la navegaci\u00f3n en este Sitio Web es necesaria la utilizaci\u00f3n de cookies. Las cookies se utilizan con la finalidad de facilitar la navegaci\u00f3n y ofrecer una experiencia personalizada, \u00e1gil, adem\u00e1s de una herramienta estad\u00edstica para obtener datos de uso de este Sitio Web. En ning\u00fan caso las cookies almacenan informaci\u00f3n de car\u00e1cter identificativo. Toda la pol\u00edtica de uso y tratamiento de cookies de este Sitio Web se puede consultar en el apartado <a href=\"\/cookies\/\">Pol\u00edtica de Cookies<\/a>.\t\t\t\t\t\t<\/div>\n\t\t\t\t<\/div>\n\t\t\t\t\t<\/div>\n\t\t\t\t<\/div>\n\t\t\t\t<\/div>\n\t\t","protected":false},"excerpt":{"rendered":"<p>Datos identificativos. En cumplimiento del deber de informaci\u00f3n recogido en el art\u00edculo 10 de la Ley 34\/2022, de 11 de julio, de Servicios a la Sociedad de la Informaci\u00f3n y de Comercio Electr\u00f3nico, a continuaci\u00f3n se reflejan los datos identificativos del prestador de servicio. Denominaci\u00f3n social: CAPITAL CRYPTO TECHNOLOGY S.L (en adelante CAPITAL CRYPTO). Denominaci\u00f3n&hellip;<\/p>\n","protected":false},"author":1,"featured_media":0,"parent":0,"menu_order":0,"comment_status":"closed","ping_status":"closed","template":"page-templates\/template-full-width-blank.php","meta":{"footnotes":""},"class_list":["post-5804","page","type-page","status-publish","hentry","content-box content-box-wrapper"],"_links":{"self":[{"href":"https:\/\/www.torreviejacrypto.com\/es\/wp-json\/wp\/v2\/pages\/5804","targetHints":{"allow":["GET"]}}],"collection":[{"href":"https:\/\/www.torreviejacrypto.com\/es\/wp-json\/wp\/v2\/pages"}],"about":[{"href":"https:\/\/www.torreviejacrypto.com\/es\/wp-json\/wp\/v2\/types\/page"}],"author":[{"embeddable":true,"href":"https:\/\/www.torreviejacrypto.com\/es\/wp-json\/wp\/v2\/users\/1"}],"replies":[{"embeddable":true,"href":"https:\/\/www.torreviejacrypto.com\/es\/wp-json\/wp\/v2\/comments?post=5804"}],"version-history":[{"count":4,"href":"https:\/\/www.torreviejacrypto.com\/es\/wp-json\/wp\/v2\/pages\/5804\/revisions"}],"predecessor-version":[{"id":5830,"href":"https:\/\/www.torreviejacrypto.com\/es\/wp-json\/wp\/v2\/pages\/5804\/revisions\/5830"}],"wp:attachment":[{"href":"https:\/\/www.torreviejacrypto.com\/es\/wp-json\/wp\/v2\/media?parent=5804"}],"curies":[{"name":"wp","href":"https:\/\/api.w.org\/{rel}","templated":true}]}}