{"id":5748,"date":"2023-05-29T07:10:56","date_gmt":"2023-05-29T07:10:56","guid":{"rendered":"http:\/\/localhost\/listify\/home\/"},"modified":"2024-02-07T20:55:12","modified_gmt":"2024-02-07T19:55:12","slug":"home","status":"publish","type":"page","link":"https:\/\/www.torreviejacrypto.com\/fr\/","title":{"rendered":"Acheter et vendre des crypto-monnaies"},"content":{"rendered":"<p>D\u00e9couvrez tout ce que la ville de Torrevieja a \u00e0 offrir et vivez l'exp\u00e9rience \"100% crypto\".<\/p>","protected":false},"excerpt":{"rendered":"<p>D\u00e9couvrez tout ce que la ville de Torrevieja a \u00e0 offrir et vivez l'exp\u00e9rience \"100% crypto\".<\/p>","protected":false},"author":1,"featured_media":5764,"parent":0,"menu_order":0,"comment_status":"closed","ping_status":"closed","template":"page-templates\/template-home.php","meta":{"footnotes":""},"class_list":["post-5748","page","type-page","status-publish","has-post-thumbnail","hentry","content-box content-box-wrapper"],"_links":{"self":[{"href":"https:\/\/www.torreviejacrypto.com\/fr\/wp-json\/wp\/v2\/pages\/5748","targetHints":{"allow":["GET"]}}],"collection":[{"href":"https:\/\/www.torreviejacrypto.com\/fr\/wp-json\/wp\/v2\/pages"}],"about":[{"href":"https:\/\/www.torreviejacrypto.com\/fr\/wp-json\/wp\/v2\/types\/page"}],"author":[{"embeddable":true,"href":"https:\/\/www.torreviejacrypto.com\/fr\/wp-json\/wp\/v2\/users\/1"}],"replies":[{"embeddable":true,"href":"https:\/\/www.torreviejacrypto.com\/fr\/wp-json\/wp\/v2\/comments?post=5748"}],"version-history":[{"count":1,"href":"https:\/\/www.torreviejacrypto.com\/fr\/wp-json\/wp\/v2\/pages\/5748\/revisions"}],"predecessor-version":[{"id":5762,"href":"https:\/\/www.torreviejacrypto.com\/fr\/wp-json\/wp\/v2\/pages\/5748\/revisions\/5762"}],"wp:featuredmedia":[{"embeddable":true,"href":"https:\/\/www.torreviejacrypto.com\/fr\/wp-json\/wp\/v2\/media\/5764"}],"wp:attachment":[{"href":"https:\/\/www.torreviejacrypto.com\/fr\/wp-json\/wp\/v2\/media?parent=5748"}],"curies":[{"name":"wp","href":"https:\/\/api.w.org\/{rel}","templated":true}]}}