{"id":5804,"date":"2024-02-08T12:45:50","date_gmt":"2024-02-08T11:45:50","guid":{"rendered":"https:\/\/www.torreviejacrypto.com\/?page_id=5804"},"modified":"2024-02-12T11:18:18","modified_gmt":"2024-02-12T10:18:18","slug":"aviso-legal","status":"publish","type":"page","link":"https:\/\/www.torreviejacrypto.com\/fr\/aviso-legal\/","title":{"rendered":"Avis juridique"},"content":{"rendered":"<div data-elementor-type=\"wp-page\" data-elementor-id=\"5804\" class=\"elementor elementor-5804\" data-elementor-post-type=\"page\">\n\t\t\t\t<div class=\"elementor-element elementor-element-0b35436 e-flex e-con-boxed e-con e-parent\" data-id=\"0b35436\" data-element_type=\"container\">\n\t\t\t\t\t<div class=\"e-con-inner\">\n\t\t\t\t<div class=\"elementor-element elementor-element-2792293 elementor-widget elementor-widget-text-editor\" data-id=\"2792293\" data-element_type=\"widget\" data-widget_type=\"text-editor.default\">\n\t\t\t\t<div class=\"elementor-widget-container\">\n\t\t\t<style>\/*! elementor - v3.23.0 - 25-07-2024 *\/\n.elementor-widget-text-editor.elementor-drop-cap-view-stacked .elementor-drop-cap{background-color:#69727d;color:#fff}.elementor-widget-text-editor.elementor-drop-cap-view-framed .elementor-drop-cap{color:#69727d;border:3px solid;background-color:transparent}.elementor-widget-text-editor:not(.elementor-drop-cap-view-default) .elementor-drop-cap{margin-top:8px}.elementor-widget-text-editor:not(.elementor-drop-cap-view-default) .elementor-drop-cap-letter{width:1em;height:1em}.elementor-widget-text-editor .elementor-drop-cap{float:left;text-align:center;line-height:1;font-size:50px}.elementor-widget-text-editor .elementor-drop-cap-letter{display:inline-block}<\/style>\t\t\t\t<h3>Donn\u00e9es d'identification.<\/h3>\nConform\u00e9ment \u00e0 l'obligation d'information pr\u00e9vue \u00e0 l'article 10 de la loi 34\/2022, du 11 juillet, sur les services de la soci\u00e9t\u00e9 de l'information et le commerce \u00e9lectronique, les donn\u00e9es d'identification du prestataire de services sont indiqu\u00e9es ci-dessous.\n\nNom de l'entreprise : CAPITAL CRYPTO TECHNOLOGY S.L (ci-apr\u00e8s CAPITAL CRYPTO).\n\nNom commercial : CAPITAL CRYPTO.\n\nCAPITAL CRYPTO est une marque d\u00e9pos\u00e9e en Espagne sous le num\u00e9ro N0461245.\n\nAdresse : Avenida de los Nen\u00fafares S\/N. C\u00e1mara de Comercio. Office 9. 03184 Torrevieja ALICANTE.\n\nInscription : Registre du commerce d'Alicante, volume 4626, livre 0, folio 81, section 8, page A 188598, entr\u00e9e 1.\n\nContact :\n<ul>\n \t<li><b>Adresse \u00e9lectronique<\/b>: info@capitalcrypto.es<\/li>\n \t<li><b>T\u00e9l\u00e9phone<\/b>: (+34) 865 760 197<\/li>\n<\/ul>\n<h3>Conditions g\u00e9n\u00e9rales d'acc\u00e8s et d'utilisation pour les utilisateurs du site web.<\/h3>\nLes conditions qui r\u00e9gissent l'utilisation de ce site web et dans lesquelles sont fournis les services offerts par CAPITAL CRYPTO aux Clients ou aux Utilisateurs, sont celles contenues dans les Conditions G\u00e9n\u00e9rales d'Acc\u00e8s et d'Utilisation pour les Utilisateurs du Site web, qui seront applicables \u00e0 toutes les pages qui apparaissent dans le Plan du Site.\n\nLa navigation sur ce site Web conf\u00e8re au navigateur la condition d'Utilisateur, ce qui implique l'adh\u00e9sion et l'engagement \u00e0 respecter toutes et chacune des conditions publi\u00e9es au moment de l'acc\u00e8s au site Web de CAPITAL CRYPTO. Par cons\u00e9quent, il est recommand\u00e9 \u00e0 l'utilisateur de lire attentivement ce document chaque fois qu'il acc\u00e8de \u00e0 ce site Web ou \u00e0 tout autre site appartenant \u00e0 CAPITAL CRYPTO.\n\nCAPITAL CRYPTO demandera \u00e0 travers ce site Web l'acceptation expresse de la Politique de Cookies et de la Politique de Confidentialit\u00e9 comme condition pr\u00e9alable \u00e0 la prestation du service, ainsi que les Termes et Conditions du Service, \u00e9tant donn\u00e9 qu'ils constitueront le contrat qui r\u00e9gulera la prestation de ce service.\n<h3>Acc\u00e8s et s\u00e9curit\u00e9.<\/h3>\nL'acc\u00e8s aux services transactionnels et \u00e0 ceux qui comprennent la saisie de donn\u00e9es personnelles se fera toujours dans des environnements s\u00e9curis\u00e9s utilisant des communications crypt\u00e9es par le protocole SSL (Secure Socket Layer) de 128 bits. Le serveur s\u00e9curis\u00e9 \u00e9tablit une connexion de mani\u00e8re \u00e0 ce que les informations transmises soient crypt\u00e9es, garantissant que le contenu transmis ne sera intelligible que pour le terminal de l'utilisateur et le serveur de CAPITAL CRYPTO. L'utilisateur peut v\u00e9rifier \u00e0 partir de son propre logiciel de navigation que la communication est s\u00e9curis\u00e9e et crypt\u00e9e. Cette communication crypt\u00e9e est \u00e9galement soutenue par l'utilisation d'un certificat qui garantit \u00e0 l'utilisateur que la communication de ses donn\u00e9es est effectu\u00e9e avec un serveur de CAPITAL CRYPTO et non avec un tiers pr\u00e9tendant \u00eatre le m\u00eame.\n<h3>Politique de confidentialit\u00e9.<\/h3>\nPour naviguer sur ce site Web, il n'est pas n\u00e9cessaire que l'utilisateur divulgue des renseignements personnels. Toutefois, pour la prestation du service, ainsi que pour la consultation des produits et services de CAPITAL CRYPTO, il est possible qu'une communication externe soit demand\u00e9e. \u00c0 cette fin, le traitement des donn\u00e9es personnelles doit faire l'objet d'une acceptation explicite et sans r\u00e9serve, qui peut \u00eatre consult\u00e9e sur ce site Web \u00e0 la section <a href=\"\/fr\/politica-privacidad\/\">Politique de confidentialit\u00e9<\/a>. Sans l'acceptation explicite de ce traitement, il ne sera pas possible de fournir des services ou des consultations.\n<h3>Utilisation de cookies.<\/h3>\nL'utilisation de cookies est n\u00e9cessaire pour naviguer sur ce site web. Les cookies sont utilis\u00e9s dans le but de faciliter la navigation et d'offrir une exp\u00e9rience personnalis\u00e9e et agile, ainsi que comme outil statistique pour obtenir des donn\u00e9es sur l'utilisation de ce site. Les cookies ne stockent en aucun cas des informations de nature identifiante. La politique compl\u00e8te d'utilisation et de traitement des cookies sur ce site peut \u00eatre consult\u00e9e dans la section <a href=\"https:\/\/www.torreviejacrypto.com\/fr\/cookies\/\">Politique en mati\u00e8re de cookies<\/a>.\t\t\t\t\t\t<\/div>\n\t\t\t\t<\/div>\n\t\t\t\t\t<\/div>\n\t\t\t\t<\/div>\n\t\t\t\t<\/div>","protected":false},"excerpt":{"rendered":"<p>Donn\u00e9es d'identification. Conform\u00e9ment \u00e0 l'obligation d'information pr\u00e9vue \u00e0 l'article 10 de la loi 34\/2022, du 11 juillet, sur les services de la soci\u00e9t\u00e9 de l'information et le commerce \u00e9lectronique, les donn\u00e9es d'identification du prestataire de services sont indiqu\u00e9es ci-dessous. Nom de la soci\u00e9t\u00e9 : CAPITAL CRYPTO TECHNOLOGY S.L (ci-apr\u00e8s CAPITAL CRYPTO). Nom de l'entreprise...<\/p>","protected":false},"author":1,"featured_media":0,"parent":0,"menu_order":0,"comment_status":"closed","ping_status":"closed","template":"page-templates\/template-full-width-blank.php","meta":{"footnotes":""},"class_list":["post-5804","page","type-page","status-publish","hentry","content-box content-box-wrapper"],"_links":{"self":[{"href":"https:\/\/www.torreviejacrypto.com\/fr\/wp-json\/wp\/v2\/pages\/5804","targetHints":{"allow":["GET"]}}],"collection":[{"href":"https:\/\/www.torreviejacrypto.com\/fr\/wp-json\/wp\/v2\/pages"}],"about":[{"href":"https:\/\/www.torreviejacrypto.com\/fr\/wp-json\/wp\/v2\/types\/page"}],"author":[{"embeddable":true,"href":"https:\/\/www.torreviejacrypto.com\/fr\/wp-json\/wp\/v2\/users\/1"}],"replies":[{"embeddable":true,"href":"https:\/\/www.torreviejacrypto.com\/fr\/wp-json\/wp\/v2\/comments?post=5804"}],"version-history":[{"count":4,"href":"https:\/\/www.torreviejacrypto.com\/fr\/wp-json\/wp\/v2\/pages\/5804\/revisions"}],"predecessor-version":[{"id":5830,"href":"https:\/\/www.torreviejacrypto.com\/fr\/wp-json\/wp\/v2\/pages\/5804\/revisions\/5830"}],"wp:attachment":[{"href":"https:\/\/www.torreviejacrypto.com\/fr\/wp-json\/wp\/v2\/media?parent=5804"}],"curies":[{"name":"wp","href":"https:\/\/api.w.org\/{rel}","templated":true}]}}