{"id":6289,"date":"2024-06-11T11:24:04","date_gmt":"2024-06-11T09:24:04","guid":{"rendered":"https:\/\/www.torreviejacrypto.com\/?page_id=6289"},"modified":"2024-06-11T11:26:22","modified_gmt":"2024-06-11T09:26:22","slug":"como-cobrar-criptomonedas","status":"publish","type":"page","link":"https:\/\/www.torreviejacrypto.com\/fr\/como-cobrar-criptomonedas\/","title":{"rendered":"Comment encaisser les crypto-monnaies ?"},"content":{"rendered":"<div data-elementor-type=\"wp-page\" data-elementor-id=\"6289\" class=\"elementor elementor-6289\" data-elementor-post-type=\"page\">\n\t\t\t\t<div class=\"elementor-element elementor-element-d05f18d e-flex e-con-boxed e-con e-parent\" data-id=\"d05f18d\" data-element_type=\"container\">\n\t\t\t\t\t<div class=\"e-con-inner\">\n\t\t\t\t<div class=\"elementor-element elementor-element-bcf5291 elementor-widget elementor-widget-heading\" data-id=\"bcf5291\" data-element_type=\"widget\" data-widget_type=\"heading.default\">\n\t\t\t\t<div class=\"elementor-widget-container\">\n\t\t\t<style>\/*! elementor - v3.23.0 - 25-07-2024 *\/\n.elementor-heading-title{padding:0;margin:0;line-height:1}.elementor-widget-heading .elementor-heading-title[class*=elementor-size-]>a{color:inherit;font-size:inherit;line-height:inherit}.elementor-widget-heading .elementor-heading-title.elementor-size-small{font-size:15px}.elementor-widget-heading .elementor-heading-title.elementor-size-medium{font-size:19px}.elementor-widget-heading .elementor-heading-title.elementor-size-large{font-size:29px}.elementor-widget-heading .elementor-heading-title.elementor-size-xl{font-size:39px}.elementor-widget-heading .elementor-heading-title.elementor-size-xxl{font-size:59px}<\/style><h2 class=\"elementor-heading-title elementor-size-default\">Encaisser des crypto-monnaies n'a jamais \u00e9t\u00e9 aussi facile<\/h2>\t\t<\/div>\n\t\t\t\t<\/div>\n\t\t\t\t<div class=\"elementor-element elementor-element-e319b67 elementor-widget elementor-widget-text-editor\" data-id=\"e319b67\" data-element_type=\"widget\" data-widget_type=\"text-editor.default\">\n\t\t\t\t<div class=\"elementor-widget-container\">\n\t\t\t<style>\/*! elementor - v3.23.0 - 25-07-2024 *\/\n.elementor-widget-text-editor.elementor-drop-cap-view-stacked .elementor-drop-cap{background-color:#69727d;color:#fff}.elementor-widget-text-editor.elementor-drop-cap-view-framed .elementor-drop-cap{color:#69727d;border:3px solid;background-color:transparent}.elementor-widget-text-editor:not(.elementor-drop-cap-view-default) .elementor-drop-cap{margin-top:8px}.elementor-widget-text-editor:not(.elementor-drop-cap-view-default) .elementor-drop-cap-letter{width:1em;height:1em}.elementor-widget-text-editor .elementor-drop-cap{float:left;text-align:center;line-height:1;font-size:50px}.elementor-widget-text-editor .elementor-drop-cap-letter{display:inline-block}<\/style>\t\t\t\t<p>Bitnovo Pay dispose de sa propre application pour les appareils mobiles et fonctionne \u00e9galement via le site web si vous ne souhaitez rien installer ou si vous travaillez depuis un ordinateur. Dans tous les cas, nous avons laiss\u00e9 une vid\u00e9o explicative d'une minute o\u00f9 vous verrez \u00e0 quel point il est facile d'accepter des paiements avec des crypto-monnaies.<\/p>\n\n<span style=\"font-size: 22px; font-weight: 400; text-align: var(--text-align); background-color: initial;\">N'oubliez pas que si vous avez des questions, vous pouvez nous contacter par courrier \u00e9lectronique \u00e0 l'adresse suivante <\/span><b style=\"font-family: inherit; font-size: 22px; font-style: inherit; text-align: var(--text-align); background-color: initial;\">soporte@capitalcrypto.es<\/b><span style=\"font-size: 22px; font-weight: 400; text-align: var(--text-align); background-color: initial;\">ou par t\u00e9l\u00e9phone au <\/span><b style=\"font-family: inherit; font-size: 22px; font-style: inherit; text-align: var(--text-align); background-color: initial;\">865 760 197<\/b><span style=\"font-size: 22px; font-weight: 400; text-align: var(--text-align); background-color: initial;\"> Du lundi au vendredi de 9h30 \u00e0 13h30<\/span>\t\t\t\t\t\t<\/div>\n\t\t\t\t<\/div>\n\t\t\t\t\t<\/div>\n\t\t\t\t<\/div>\n\t\t<div class=\"elementor-element elementor-element-caee6cb e-con-full e-flex e-con e-parent\" data-id=\"caee6cb\" data-element_type=\"container\">\n\t\t\t\t<div class=\"elementor-element elementor-element-7d00130 elementor-widget elementor-widget-video\" data-id=\"7d00130\" data-element_type=\"widget\" data-settings=\"{&quot;youtube_url&quot;:&quot;https:\\\/\\\/www.youtube.com\\\/watch?v=EPoMQMhHFHE&quot;,&quot;video_type&quot;:&quot;youtube&quot;,&quot;controls&quot;:&quot;yes&quot;}\" data-widget_type=\"video.default\">\n\t\t\t\t<div class=\"elementor-widget-container\">\n\t\t\t<style>\/*! elementor - v3.23.0 - 25-07-2024 *\/\n.elementor-widget-video .elementor-widget-container{overflow:hidden;transform:translateZ(0)}.elementor-widget-video .elementor-wrapper{aspect-ratio:var(--video-aspect-ratio)}.elementor-widget-video .elementor-wrapper iframe,.elementor-widget-video .elementor-wrapper video{height:100%;width:100%;display:flex;border:none;background-color:#000}@supports not (aspect-ratio:1\/1){.elementor-widget-video .elementor-wrapper{position:relative;overflow:hidden;height:0;padding-bottom:calc(100% \/ var(--video-aspect-ratio))}.elementor-widget-video .elementor-wrapper iframe,.elementor-widget-video .elementor-wrapper video{position:absolute;top:0;right:0;bottom:0;left:0}}.elementor-widget-video .elementor-open-inline .elementor-custom-embed-image-overlay{position:absolute;top:0;right:0;bottom:0;left:0;background-size:cover;background-position:50%}.elementor-widget-video .elementor-custom-embed-image-overlay{cursor:pointer;text-align:center}.elementor-widget-video .elementor-custom-embed-image-overlay:hover .elementor-custom-embed-play i{opacity:1}.elementor-widget-video .elementor-custom-embed-image-overlay img{display:block;width:100%;aspect-ratio:var(--video-aspect-ratio);-o-object-fit:cover;object-fit:cover;-o-object-position:center center;object-position:center center}@supports not (aspect-ratio:1\/1){.elementor-widget-video .elementor-custom-embed-image-overlay{position:relative;overflow:hidden;height:0;padding-bottom:calc(100% \/ var(--video-aspect-ratio))}.elementor-widget-video .elementor-custom-embed-image-overlay img{position:absolute;top:0;right:0;bottom:0;left:0}}.elementor-widget-video .e-hosted-video .elementor-video{-o-object-fit:cover;object-fit:cover}.e-con-inner>.elementor-widget-video,.e-con>.elementor-widget-video{width:var(--container-widget-width);--flex-grow:var(--container-widget-flex-grow)}<\/style>\t\t<div class=\"elementor-wrapper elementor-open-inline\">\n\t\t\t<div class=\"elementor-video\"><\/div>\t\t<\/div>\n\t\t\t\t<\/div>\n\t\t\t\t<\/div>\n\t\t\t\t<\/div>\n\t\t\t\t<\/div>","protected":false},"excerpt":{"rendered":"<p>Se faire payer avec des crypto-monnaies n'a jamais \u00e9t\u00e9 aussi facile Bitnovo Pay a sa propre application pour les appareils mobiles et fonctionne \u00e9galement via un site web si vous ne voulez rien installer ou si vous allez travailler depuis un ordinateur. Dans tous les cas, nous avons laiss\u00e9 une vid\u00e9o explicative d'une minute o\u00f9 vous verrez \u00e0 quel point il est facile d'accepter...<\/p>","protected":false},"author":1,"featured_media":0,"parent":0,"menu_order":0,"comment_status":"closed","ping_status":"closed","template":"page-templates\/template-full-width-blank.php","meta":{"footnotes":""},"class_list":["post-6289","page","type-page","status-publish","hentry","content-box content-box-wrapper"],"_links":{"self":[{"href":"https:\/\/www.torreviejacrypto.com\/fr\/wp-json\/wp\/v2\/pages\/6289","targetHints":{"allow":["GET"]}}],"collection":[{"href":"https:\/\/www.torreviejacrypto.com\/fr\/wp-json\/wp\/v2\/pages"}],"about":[{"href":"https:\/\/www.torreviejacrypto.com\/fr\/wp-json\/wp\/v2\/types\/page"}],"author":[{"embeddable":true,"href":"https:\/\/www.torreviejacrypto.com\/fr\/wp-json\/wp\/v2\/users\/1"}],"replies":[{"embeddable":true,"href":"https:\/\/www.torreviejacrypto.com\/fr\/wp-json\/wp\/v2\/comments?post=6289"}],"version-history":[{"count":4,"href":"https:\/\/www.torreviejacrypto.com\/fr\/wp-json\/wp\/v2\/pages\/6289\/revisions"}],"predecessor-version":[{"id":6294,"href":"https:\/\/www.torreviejacrypto.com\/fr\/wp-json\/wp\/v2\/pages\/6289\/revisions\/6294"}],"wp:attachment":[{"href":"https:\/\/www.torreviejacrypto.com\/fr\/wp-json\/wp\/v2\/media?parent=6289"}],"curies":[{"name":"wp","href":"https:\/\/api.w.org\/{rel}","templated":true}]}}